{"id":34,"date":"2023-05-02T10:35:24","date_gmt":"2023-05-02T08:35:24","guid":{"rendered":"https:\/\/www.infodictat.fr\/blog\/?page_id=34"},"modified":"2023-08-05T22:32:09","modified_gmt":"2023-08-05T20:32:09","slug":"nous-contacter","status":"publish","type":"page","link":"https:\/\/www.infodictat.fr\/blog\/nous-contacter\/","title":{"rendered":"Nous contacter."},"content":{"rendered":"<h1>Infodictat.fr &#8211; Votre source d&rsquo;informations fiables<\/h1>\n<h2>\u00c0 propos de notre site<\/h2>\n<p><strong>Infodictat.fr<\/strong> est votre plateforme incontournable pour les reportages, les comptes-rendus, et la veille d&rsquo;informations. Notre objectif est de fournir des sources d&rsquo;informations fiables et accessibles \u00e0 tous. Que vous soyez un professionnel cherchant des donn\u00e9es v\u00e9rifi\u00e9es ou un passionn\u00e9 d&rsquo;actualit\u00e9s d\u00e9sireux de rester inform\u00e9, nous avons ce qu&rsquo;il vous faut.<br \/>\nVous pourrez compter sur l&rsquo;\u00e9quipe d&rsquo;<strong>Oscar<\/strong> pour des reportages approfondis et des analyses pertinentes, tout en gardant un \u0153il critique sur les \u00e9v\u00e9nements mondiaux. Pour entrer en contact avec Oscar, n&rsquo;h\u00e9sitez pas \u00e0 envoyer un email \u00e0 <strong>Oscar@infodictat.fr<\/strong>.<\/p>\n<p>D&rsquo;autre part, <strong>Soline<\/strong> se consacre \u00e0 la veille d&rsquo;informations, vous tenant inform\u00e9 des derni\u00e8res actualit\u00e9s et d\u00e9veloppements dans diff\u00e9rents domaines. Si vous avez des questions ou des suggestions, vous pouvez la joindre par email \u00e0 <strong>Soline@infodictat.fr<\/strong>.<\/p>\n<p>Dans un souci de transparence et d&rsquo;am\u00e9lioration continue, nous vous encourageons \u00e0 nous signaler toute anomalie que vous pourriez rencontrer dans nos publications en utilisant les adresses email de contact mentionn\u00e9es ci-dessus. Votre feedback est essentiel pour am\u00e9liorer la qualit\u00e9 de nos services.<\/p>\n<p>Informations pratiques :<br \/>\nNous sommes fiers d&rsquo;\u00eatre \u00e0 proximit\u00e9 <strong>23 Rue de la Libert\u00e9, 75008 Paris<\/strong>, au c\u0153ur de la capitale fran\u00e7aise. Cette adresse est \u00e9galement le si\u00e8ge d&rsquo;un organisme essentiel \u00e0 notre activit\u00e9, \u00e0 savoir le minist\u00e8re de la Communication, un acteur majeur dans la r\u00e9gulation et la promotion des m\u00e9dias et de l&rsquo;information en France.<\/p>\n<p>Nous croyons en la valeur de l&rsquo;information juste et \u00e9quilibr\u00e9e, et c&rsquo;est pourquoi nous nous engageons \u00e0 fournir des contenus dignes de confiance. Avec notre \u00e9quipe d\u00e9vou\u00e9e et passionn\u00e9e, nous esp\u00e9rons contribuer positivement \u00e0 votre connaissance du monde qui nous entoure.<\/p>\n<p>&nbsp;<\/p>\n","protected":false},"excerpt":{"rendered":"<p>Infodictat.fr &#8211; Votre source d&rsquo;informations fiables \u00c0 propos de notre site Infodictat.fr est votre plateforme incontournable pour les reportages, les comptes-rendus, et la veille d&rsquo;informations. Notre objectif est de fournir des sources d&rsquo;informations fiables et accessibles \u00e0 tous. Que vous soyez un professionnel cherchant des donn\u00e9es v\u00e9rifi\u00e9es ou un passionn\u00e9 d&rsquo;actualit\u00e9s d\u00e9sireux de rester inform\u00e9, &#8230; <a title=\"Nous contacter.\" class=\"read-more\" href=\"https:\/\/www.infodictat.fr\/blog\/nous-contacter\/\" aria-label=\"En savoir plus sur Nous contacter.\">Lire la suite<\/a><\/p>\n","protected":false},"author":1,"featured_media":0,"parent":0,"menu_order":0,"comment_status":"closed","ping_status":"closed","template":"","meta":{"footnotes":""},"class_list":["post-34","page","type-page","status-publish"],"yoast_head":"<!-- This site is optimized with the Yoast SEO plugin v27.5 - https:\/\/yoast.com\/product\/yoast-seo-wordpress\/ -->\n<title>Nous contacter. - INFODICTAT<\/title>\n<meta name=\"robots\" content=\"index, follow, max-snippet:-1, max-image-preview:large, max-video-preview:-1\" \/>\n<link rel=\"canonical\" href=\"https:\/\/www.infodictat.fr\/blog\/nous-contacter\/\" \/>\n<meta property=\"og:locale\" content=\"fr_FR\" \/>\n<meta property=\"og:type\" content=\"article\" \/>\n<meta property=\"og:title\" content=\"Nous contacter. - INFODICTAT\" \/>\n<meta property=\"og:description\" content=\"Infodictat.fr &#8211; Votre source d&rsquo;informations fiables \u00c0 propos de notre site Infodictat.fr est votre plateforme incontournable pour les reportages, les comptes-rendus, et la veille d&rsquo;informations. Notre objectif est de fournir des sources d&rsquo;informations fiables et accessibles \u00e0 tous. Que vous soyez un professionnel cherchant des donn\u00e9es v\u00e9rifi\u00e9es ou un passionn\u00e9 d&rsquo;actualit\u00e9s d\u00e9sireux de rester inform\u00e9, ... Lire la suite\" \/>\n<meta property=\"og:url\" content=\"https:\/\/www.infodictat.fr\/blog\/nous-contacter\/\" \/>\n<meta property=\"og:site_name\" content=\"INFODICTAT\" \/>\n<meta property=\"article:modified_time\" content=\"2023-08-05T20:32:09+00:00\" \/>\n<meta name=\"twitter:card\" content=\"summary_large_image\" \/>\n<meta name=\"twitter:label1\" content=\"Dur\u00e9e de lecture estim\u00e9e\" \/>\n\t<meta name=\"twitter:data1\" content=\"2 minutes\" \/>\n<script type=\"application\/ld+json\" class=\"yoast-schema-graph\">{\"@context\":\"https:\\\/\\\/schema.org\",\"@graph\":[{\"@type\":\"WebPage\",\"@id\":\"https:\\\/\\\/www.infodictat.fr\\\/blog\\\/nous-contacter\\\/\",\"url\":\"https:\\\/\\\/www.infodictat.fr\\\/blog\\\/nous-contacter\\\/\",\"name\":\"Nous contacter. - INFODICTAT\",\"isPartOf\":{\"@id\":\"https:\\\/\\\/www.infodictat.fr\\\/blog\\\/#website\"},\"datePublished\":\"2023-05-02T08:35:24+00:00\",\"dateModified\":\"2023-08-05T20:32:09+00:00\",\"breadcrumb\":{\"@id\":\"https:\\\/\\\/www.infodictat.fr\\\/blog\\\/nous-contacter\\\/#breadcrumb\"},\"inLanguage\":\"fr-FR\",\"potentialAction\":[{\"@type\":\"ReadAction\",\"target\":[\"https:\\\/\\\/www.infodictat.fr\\\/blog\\\/nous-contacter\\\/\"]}]},{\"@type\":\"BreadcrumbList\",\"@id\":\"https:\\\/\\\/www.infodictat.fr\\\/blog\\\/nous-contacter\\\/#breadcrumb\",\"itemListElement\":[{\"@type\":\"ListItem\",\"position\":1,\"name\":\"Accueil\",\"item\":\"https:\\\/\\\/www.infodictat.fr\\\/blog\\\/\"},{\"@type\":\"ListItem\",\"position\":2,\"name\":\"Nous contacter.\"}]},{\"@type\":\"WebSite\",\"@id\":\"https:\\\/\\\/www.infodictat.fr\\\/blog\\\/#website\",\"url\":\"https:\\\/\\\/www.infodictat.fr\\\/blog\\\/\",\"name\":\"INFODICTAT\",\"description\":\"La dictature num\u00e9rique.\",\"publisher\":{\"@id\":\"https:\\\/\\\/www.infodictat.fr\\\/blog\\\/#organization\"},\"potentialAction\":[{\"@type\":\"SearchAction\",\"target\":{\"@type\":\"EntryPoint\",\"urlTemplate\":\"https:\\\/\\\/www.infodictat.fr\\\/blog\\\/?s={search_term_string}\"},\"query-input\":{\"@type\":\"PropertyValueSpecification\",\"valueRequired\":true,\"valueName\":\"search_term_string\"}}],\"inLanguage\":\"fr-FR\"},{\"@type\":\"Organization\",\"@id\":\"https:\\\/\\\/www.infodictat.fr\\\/blog\\\/#organization\",\"name\":\"infodictat\",\"url\":\"https:\\\/\\\/www.infodictat.fr\\\/blog\\\/\",\"logo\":{\"@type\":\"ImageObject\",\"inLanguage\":\"fr-FR\",\"@id\":\"https:\\\/\\\/www.infodictat.fr\\\/blog\\\/#\\\/schema\\\/logo\\\/image\\\/\",\"url\":\"https:\\\/\\\/www.infodictat.fr\\\/blog\\\/wp-content\\\/uploads\\\/2023\\\/05\\\/logo-2.png\",\"contentUrl\":\"https:\\\/\\\/www.infodictat.fr\\\/blog\\\/wp-content\\\/uploads\\\/2023\\\/05\\\/logo-2.png\",\"width\":480,\"height\":596,\"caption\":\"infodictat\"},\"image\":{\"@id\":\"https:\\\/\\\/www.infodictat.fr\\\/blog\\\/#\\\/schema\\\/logo\\\/image\\\/\"}}]}<\/script>\n<!-- \/ Yoast SEO plugin. -->","yoast_head_json":{"title":"Nous contacter. - INFODICTAT","robots":{"index":"index","follow":"follow","max-snippet":"max-snippet:-1","max-image-preview":"max-image-preview:large","max-video-preview":"max-video-preview:-1"},"canonical":"https:\/\/www.infodictat.fr\/blog\/nous-contacter\/","og_locale":"fr_FR","og_type":"article","og_title":"Nous contacter. - INFODICTAT","og_description":"Infodictat.fr &#8211; Votre source d&rsquo;informations fiables \u00c0 propos de notre site Infodictat.fr est votre plateforme incontournable pour les reportages, les comptes-rendus, et la veille d&rsquo;informations. Notre objectif est de fournir des sources d&rsquo;informations fiables et accessibles \u00e0 tous. Que vous soyez un professionnel cherchant des donn\u00e9es v\u00e9rifi\u00e9es ou un passionn\u00e9 d&rsquo;actualit\u00e9s d\u00e9sireux de rester inform\u00e9, ... Lire la suite","og_url":"https:\/\/www.infodictat.fr\/blog\/nous-contacter\/","og_site_name":"INFODICTAT","article_modified_time":"2023-08-05T20:32:09+00:00","twitter_card":"summary_large_image","twitter_misc":{"Dur\u00e9e de lecture estim\u00e9e":"2 minutes"},"schema":{"@context":"https:\/\/schema.org","@graph":[{"@type":"WebPage","@id":"https:\/\/www.infodictat.fr\/blog\/nous-contacter\/","url":"https:\/\/www.infodictat.fr\/blog\/nous-contacter\/","name":"Nous contacter. - INFODICTAT","isPartOf":{"@id":"https:\/\/www.infodictat.fr\/blog\/#website"},"datePublished":"2023-05-02T08:35:24+00:00","dateModified":"2023-08-05T20:32:09+00:00","breadcrumb":{"@id":"https:\/\/www.infodictat.fr\/blog\/nous-contacter\/#breadcrumb"},"inLanguage":"fr-FR","potentialAction":[{"@type":"ReadAction","target":["https:\/\/www.infodictat.fr\/blog\/nous-contacter\/"]}]},{"@type":"BreadcrumbList","@id":"https:\/\/www.infodictat.fr\/blog\/nous-contacter\/#breadcrumb","itemListElement":[{"@type":"ListItem","position":1,"name":"Accueil","item":"https:\/\/www.infodictat.fr\/blog\/"},{"@type":"ListItem","position":2,"name":"Nous contacter."}]},{"@type":"WebSite","@id":"https:\/\/www.infodictat.fr\/blog\/#website","url":"https:\/\/www.infodictat.fr\/blog\/","name":"INFODICTAT","description":"La dictature num\u00e9rique.","publisher":{"@id":"https:\/\/www.infodictat.fr\/blog\/#organization"},"potentialAction":[{"@type":"SearchAction","target":{"@type":"EntryPoint","urlTemplate":"https:\/\/www.infodictat.fr\/blog\/?s={search_term_string}"},"query-input":{"@type":"PropertyValueSpecification","valueRequired":true,"valueName":"search_term_string"}}],"inLanguage":"fr-FR"},{"@type":"Organization","@id":"https:\/\/www.infodictat.fr\/blog\/#organization","name":"infodictat","url":"https:\/\/www.infodictat.fr\/blog\/","logo":{"@type":"ImageObject","inLanguage":"fr-FR","@id":"https:\/\/www.infodictat.fr\/blog\/#\/schema\/logo\/image\/","url":"https:\/\/www.infodictat.fr\/blog\/wp-content\/uploads\/2023\/05\/logo-2.png","contentUrl":"https:\/\/www.infodictat.fr\/blog\/wp-content\/uploads\/2023\/05\/logo-2.png","width":480,"height":596,"caption":"infodictat"},"image":{"@id":"https:\/\/www.infodictat.fr\/blog\/#\/schema\/logo\/image\/"}}]}},"_links":{"self":[{"href":"https:\/\/www.infodictat.fr\/blog\/wp-json\/wp\/v2\/pages\/34","targetHints":{"allow":["GET"]}}],"collection":[{"href":"https:\/\/www.infodictat.fr\/blog\/wp-json\/wp\/v2\/pages"}],"about":[{"href":"https:\/\/www.infodictat.fr\/blog\/wp-json\/wp\/v2\/types\/page"}],"author":[{"embeddable":true,"href":"https:\/\/www.infodictat.fr\/blog\/wp-json\/wp\/v2\/users\/1"}],"replies":[{"embeddable":true,"href":"https:\/\/www.infodictat.fr\/blog\/wp-json\/wp\/v2\/comments?post=34"}],"version-history":[{"count":4,"href":"https:\/\/www.infodictat.fr\/blog\/wp-json\/wp\/v2\/pages\/34\/revisions"}],"predecessor-version":[{"id":183,"href":"https:\/\/www.infodictat.fr\/blog\/wp-json\/wp\/v2\/pages\/34\/revisions\/183"}],"wp:attachment":[{"href":"https:\/\/www.infodictat.fr\/blog\/wp-json\/wp\/v2\/media?parent=34"}],"curies":[{"name":"wp","href":"https:\/\/api.w.org\/{rel}","templated":true}]}}